{"id":3259,"date":"2020-05-27T09:57:36","date_gmt":"2020-05-27T09:57:36","guid":{"rendered":"https:\/\/www.al.homing.com.pt\/contactos\/"},"modified":"2025-10-30T14:29:21","modified_gmt":"2025-10-30T14:29:21","slug":"contactos","status":"publish","type":"page","link":"https:\/\/www.al.homing.com.pt\/es\/contactos\/","title":{"rendered":"Contactos"},"content":{"rendered":"\t\t<div data-elementor-type=\"wp-page\" data-elementor-id=\"3259\" class=\"elementor elementor-3259 elementor-123\" data-elementor-post-type=\"page\">\n\t\t\t\t\t\t<section class=\"elementor-section elementor-top-section elementor-element elementor-element-3d494de5 elementor-section-stretched elementor-section-boxed elementor-section-height-default elementor-section-height-default\" data-id=\"3d494de5\" data-element_type=\"section\" data-settings=\"{&quot;background_background&quot;:&quot;classic&quot;,&quot;stretch_section&quot;:&quot;section-stretched&quot;}\">\n\t\t\t\t\t\t\t<div class=\"elementor-background-overlay\"><\/div>\n\t\t\t\t\t\t\t<div class=\"elementor-container elementor-column-gap-no\">\n\t\t\t\t\t<div class=\"elementor-column elementor-col-100 elementor-top-column elementor-element elementor-element-422d3640\" data-id=\"422d3640\" data-element_type=\"column\">\n\t\t\t<div class=\"elementor-widget-wrap elementor-element-populated\">\n\t\t\t\t\t\t<div class=\"elementor-element elementor-element-9291962 elementor-widget elementor-widget-heading\" data-id=\"9291962\" data-element_type=\"widget\" data-widget_type=\"heading.default\">\n\t\t\t\t<div class=\"elementor-widget-container\">\n\t\t\t\t\t<h1 class=\"elementor-heading-title elementor-size-default\">Contactos<\/h1>\t\t\t\t<\/div>\n\t\t\t\t<\/div>\n\t\t\t\t<div class=\"elementor-element elementor-element-214fb63f elementor-widget elementor-widget-heading\" data-id=\"214fb63f\" data-element_type=\"widget\" data-widget_type=\"heading.default\">\n\t\t\t\t<div class=\"elementor-widget-container\">\n\t\t\t\t\t<h6 class=\"elementor-heading-title elementor-size-default\">Marque una reuni\u00f3n y pida una propuesta para su casa.<\/h6>\t\t\t\t<\/div>\n\t\t\t\t<\/div>\n\t\t\t\t\t<\/div>\n\t\t<\/div>\n\t\t\t\t\t<\/div>\n\t\t<\/section>\n\t\t\t\t<section class=\"elementor-section elementor-top-section elementor-element elementor-element-6687693 elementor-section-stretched elementor-section-boxed elementor-section-height-default elementor-section-height-default\" data-id=\"6687693\" data-element_type=\"section\" data-settings=\"{&quot;stretch_section&quot;:&quot;section-stretched&quot;,&quot;background_background&quot;:&quot;classic&quot;}\">\n\t\t\t\t\t\t<div class=\"elementor-container elementor-column-gap-no\">\n\t\t\t\t\t<div class=\"elementor-column elementor-col-50 elementor-top-column elementor-element elementor-element-1df598b\" data-id=\"1df598b\" data-element_type=\"column\">\n\t\t\t<div class=\"elementor-widget-wrap elementor-element-populated\">\n\t\t\t\t\t\t<div class=\"elementor-element elementor-element-db06aae elementor-widget elementor-widget-heading\" data-id=\"db06aae\" data-element_type=\"widget\" data-widget_type=\"heading.default\">\n\t\t\t\t<div class=\"elementor-widget-container\">\n\t\t\t\t\t<h3 class=\"elementor-heading-title elementor-size-default\">Contactos<\/h3>\t\t\t\t<\/div>\n\t\t\t\t<\/div>\n\t\t\t\t<div class=\"elementor-element elementor-element-7ae3243 elementor-widget elementor-widget-text-editor\" data-id=\"7ae3243\" data-element_type=\"widget\" data-widget_type=\"text-editor.default\">\n\t\t\t\t<div class=\"elementor-widget-container\">\n\t\t\t\t\t\t\t\t\t<p><strong style=\"color: #8b8b8b;\"><span style=\"color: #595959;\">Espa\u00f1a<\/span><\/strong>: <span style=\"color: #8b8b8b;\"><a style=\"color: #8b8b8b;\" href=\"tel:+34600635939\" target=\"_blank\" rel=\"noopener\">+34 600 63 59 39<\/a><\/span><br \/><strong style=\"color: #8b8b8b;\"><span style=\"color: #595959;\">Lisboa<\/span><\/strong>: <span style=\"color: #8b8b8b;\"><a style=\"color: #8b8b8b;\" href=\"tel:+351935899213\" target=\"_blank\" rel=\"noopener\">+351 935 899 213<\/a><\/span><br \/><strong><span style=\"color: #595959;\">Albufeira<\/span><\/strong>: <a style=\"color: #8b8b8b;\" href=\"tel:+351935899182\" target=\"_blank\" rel=\"noopener\">+351 935 899 182<\/a><br \/><strong><span style=\"color: #595959;\">Vilamoura<\/span><\/strong>: <a style=\"color: #8b8b8b;\" href=\"tel:+351935899182\" target=\"_blank\" rel=\"noopener\">+351 935 899 182<\/a><br \/>(llamar a la red m\u00f3vil nacional)<\/p><p><span style=\"color: #8b8b8b;\"><span style=\"color: #595959;\"><strong>Email<\/strong><\/span>:<br \/><a style=\"color: #8b8b8b;\" href=\"mailto:propietario@hominggroup.com\" target=\"_blank\" rel=\"noopener\">propietario@hominggroup.com (Espa\u00f1a)<\/a><\/span><br \/><a style=\"color: #8b8b8b;\" href=\"mailto:al@hominggroup.com\" target=\"_blank\" rel=\"noopener\">al@hominggroup.com (Portugal)<\/a><\/p>\t\t\t\t\t\t\t\t<\/div>\n\t\t\t\t<\/div>\n\t\t\t\t<div class=\"elementor-element elementor-element-332f172 elementor-widget elementor-widget-raven-divider\" data-id=\"332f172\" data-element_type=\"widget\" data-widget_type=\"raven-divider.default\">\n\t\t\t\t<div class=\"elementor-widget-container\">\n\t\t\t\t\t\t\t<div class=\"raven-widget-wrapper\">\n\t\t\t<div class=\"raven-divider\">\n\t\t\t\t<span class=\"raven-divider-line raven-divider-solid\"><\/span>\n\t\t\t<\/div>\n\t\t<\/div>\n\t\t\t\t\t\t<\/div>\n\t\t\t\t<\/div>\n\t\t\t\t<div class=\"elementor-element elementor-element-798cc72 elementor-widget elementor-widget-heading\" data-id=\"798cc72\" data-element_type=\"widget\" data-widget_type=\"heading.default\">\n\t\t\t\t<div class=\"elementor-widget-container\">\n\t\t\t\t\t<h3 class=\"elementor-heading-title elementor-size-default\">Tiendas<\/h3>\t\t\t\t<\/div>\n\t\t\t\t<\/div>\n\t\t\t\t<div class=\"elementor-element elementor-element-5326f65 elementor-widget elementor-widget-text-editor\" data-id=\"5326f65\" data-element_type=\"widget\" data-widget_type=\"text-editor.default\">\n\t\t\t\t<div class=\"elementor-widget-container\">\n\t\t\t\t\t\t\t\t\t<span style=\"color: #000000;\"><strong>Marbella<\/strong><\/span>\n<br>\nAvenida Ram\u00f3n y Cajal 1<br>\n29601 Marbella\t\t\t\t\t\t\t\t<\/div>\n\t\t\t\t<\/div>\n\t\t\t\t<div class=\"elementor-element elementor-element-337b134 elementor-widget elementor-widget-text-editor\" data-id=\"337b134\" data-element_type=\"widget\" data-widget_type=\"text-editor.default\">\n\t\t\t\t<div class=\"elementor-widget-container\">\n\t\t\t\t\t\t\t\t\t<p><span style=\"color: #000000;\"><strong>Lisboa<\/strong><\/span><br \/>Rua Castilho 73 C<br \/>1250-068 Lisboa<\/p>\t\t\t\t\t\t\t\t<\/div>\n\t\t\t\t<\/div>\n\t\t\t\t<div class=\"elementor-element elementor-element-cecc771 elementor-widget elementor-widget-text-editor\" data-id=\"cecc771\" data-element_type=\"widget\" data-widget_type=\"text-editor.default\">\n\t\t\t\t<div class=\"elementor-widget-container\">\n\t\t\t\t\t\t\t\t\t<p><span style=\"color: #000000;\"><strong>Albufeira<\/strong><\/span><br \/>Av.dos Descobrimentos<br \/>Quinta da Belavista, loja 26<br \/>8200-020 Albufeira<\/p>\t\t\t\t\t\t\t\t<\/div>\n\t\t\t\t<\/div>\n\t\t\t\t<div class=\"elementor-element elementor-element-bea8969 elementor-widget elementor-widget-text-editor\" data-id=\"bea8969\" data-element_type=\"widget\" data-widget_type=\"text-editor.default\">\n\t\t\t\t<div class=\"elementor-widget-container\">\n\t\t\t\t\t\t\t\t\t<p><span style=\"color: #000000;\"><strong>Vilamoura<\/strong><\/span><br \/>Marina Plaza, Loja 18<br \/>8125-401 Vilamoura<\/p>\t\t\t\t\t\t\t\t<\/div>\n\t\t\t\t<\/div>\n\t\t\t\t\t<\/div>\n\t\t<\/div>\n\t\t\t\t<div class=\"elementor-column elementor-col-50 elementor-top-column elementor-element elementor-element-1118625\" data-id=\"1118625\" data-element_type=\"column\" data-settings=\"{&quot;background_background&quot;:&quot;classic&quot;}\">\n\t\t\t<div class=\"elementor-widget-wrap elementor-element-populated\">\n\t\t\t\t\t<div class=\"elementor-background-overlay\"><\/div>\n\t\t\t\t\t\t<div class=\"elementor-element elementor-element-1836ff9 elementor-button-align-stretch elementor-widget elementor-widget-form\" data-id=\"1836ff9\" data-element_type=\"widget\" data-settings=\"{&quot;step_next_label&quot;:&quot;Next&quot;,&quot;step_previous_label&quot;:&quot;Previous&quot;,&quot;button_width&quot;:&quot;100&quot;,&quot;step_type&quot;:&quot;number_text&quot;,&quot;step_icon_shape&quot;:&quot;circle&quot;}\" data-widget_type=\"form.default\">\n\t\t\t\t<div class=\"elementor-widget-container\">\n\t\t\t\t\t\t\t<form class=\"elementor-form\" method=\"post\" name=\"Form Simples ES\" aria-label=\"Form Simples ES\">\n\t\t\t<input type=\"hidden\" name=\"post_id\" value=\"3259\"\/>\n\t\t\t<input type=\"hidden\" name=\"form_id\" value=\"1836ff9\"\/>\n\t\t\t<input type=\"hidden\" name=\"referer_title\" value=\"Contactos - Lisboa, Algarve | Homing\" \/>\n\n\t\t\t\t\t\t\t<input type=\"hidden\" name=\"queried_id\" value=\"3259\"\/>\n\t\t\t\n\t\t\t<div class=\"elementor-form-fields-wrapper elementor-labels-above\">\n\t\t\t\t\t\t\t\t<div class=\"elementor-field-type-text elementor-field-group elementor-column elementor-field-group-field_96e8fd5 elementor-col-100 elementor-md-100 elementor-sm-50 elementor-field-required\">\n\t\t\t\t\t\t\t\t\t\t\t\t<label for=\"form-field-field_96e8fd5\" class=\"elementor-field-label\">\n\t\t\t\t\t\t\t\tNombre\t\t\t\t\t\t\t<\/label>\n\t\t\t\t\t\t\t\t\t\t\t\t\t\t<input size=\"1\" type=\"text\" name=\"form_fields[field_96e8fd5]\" id=\"form-field-field_96e8fd5\" class=\"elementor-field elementor-size-sm  elementor-field-textual\" required=\"required\">\n\t\t\t\t\t\t\t\t\t\t\t<\/div>\n\t\t\t\t\t\t\t\t<div class=\"elementor-field-type-tel elementor-field-group elementor-column elementor-field-group-telefone elementor-col-50 elementor-md-50 elementor-sm-50 elementor-field-required\">\n\t\t\t\t\t\t\t\t\t\t\t\t<label for=\"form-field-telefone\" class=\"elementor-field-label\">\n\t\t\t\t\t\t\t\tTel\u00e9fono\t\t\t\t\t\t\t<\/label>\n\t\t\t\t\t\t\t\t<input size=\"1\" type=\"tel\" name=\"form_fields[telefone]\" id=\"form-field-telefone\" class=\"elementor-field elementor-size-sm  elementor-field-textual\" required=\"required\" pattern=\"[0-9()#&amp;+*-=.]+\" title=\"Solo se aceptan n\u00fameros y caracteres de tel\u00e9fono (#,-,*,etc).\">\n\n\t\t\t\t\t\t<\/div>\n\t\t\t\t\t\t\t\t<div class=\"elementor-field-type-email elementor-field-group elementor-column elementor-field-group-field_521b177 elementor-col-50 elementor-md-50 elementor-field-required\">\n\t\t\t\t\t\t\t\t\t\t\t\t<label for=\"form-field-field_521b177\" class=\"elementor-field-label\">\n\t\t\t\t\t\t\t\tEmail\t\t\t\t\t\t\t<\/label>\n\t\t\t\t\t\t\t\t\t\t\t\t\t\t<input size=\"1\" type=\"email\" name=\"form_fields[field_521b177]\" id=\"form-field-field_521b177\" class=\"elementor-field elementor-size-sm  elementor-field-textual\" required=\"required\">\n\t\t\t\t\t\t\t\t\t\t\t<\/div>\n\t\t\t\t\t\t\t\t<div class=\"elementor-field-type-text elementor-field-group elementor-column elementor-field-group-Localizacao elementor-col-100 elementor-md-50 elementor-field-required\">\n\t\t\t\t\t\t\t\t\t\t\t\t<label for=\"form-field-Localizacao\" class=\"elementor-field-label\">\n\t\t\t\t\t\t\t\tLocalizaci\u00f3n del Inmueble\t\t\t\t\t\t\t<\/label>\n\t\t\t\t\t\t\t\t\t\t\t\t\t\t<input size=\"1\" type=\"text\" name=\"form_fields[Localizacao]\" id=\"form-field-Localizacao\" class=\"elementor-field elementor-size-sm  elementor-field-textual\" required=\"required\">\n\t\t\t\t\t\t\t\t\t\t\t<\/div>\n\t\t\t\t\t\t\t\t<div class=\"elementor-field-type-textarea elementor-field-group elementor-column elementor-field-group-field_6b210bb elementor-col-100\">\n\t\t\t\t\t\t\t\t\t\t\t\t<label for=\"form-field-field_6b210bb\" class=\"elementor-field-label\">\n\t\t\t\t\t\t\t\tMensaje\t\t\t\t\t\t\t<\/label>\n\t\t\t\t\t\t<textarea class=\"elementor-field-textual elementor-field  elementor-size-sm\" name=\"form_fields[field_6b210bb]\" id=\"form-field-field_6b210bb\" rows=\"4\"><\/textarea>\t\t\t\t<\/div>\n\t\t\t\t\t\t\t\t<div class=\"elementor-field-group elementor-column elementor-field-type-submit elementor-col-100 e-form__buttons\">\n\t\t\t\t\t<button class=\"elementor-button elementor-size-sm elementor-animation-pop\" type=\"submit\">\n\t\t\t\t\t\t<span class=\"elementor-button-content-wrapper\">\n\t\t\t\t\t\t\t\t\t\t\t\t\t\t\t\t\t\t\t\t\t\t<span class=\"elementor-button-text\">Enviar<\/span>\n\t\t\t\t\t\t\t\t\t\t\t\t\t<\/span>\n\t\t\t\t\t<\/button>\n\t\t\t\t<\/div>\n\t\t\t<\/div>\n\t\t<\/form>\n\t\t\t\t\t\t<\/div>\n\t\t\t\t<\/div>\n\t\t\t\t\t<\/div>\n\t\t<\/div>\n\t\t\t\t\t<\/div>\n\t\t<\/section>\n\t\t\t\t<section class=\"elementor-section elementor-top-section elementor-element elementor-element-4c32d919 elementor-section-content-middle elementor-section-stretched elementor-section-boxed elementor-section-height-default elementor-section-height-default\" data-id=\"4c32d919\" data-element_type=\"section\" data-settings=\"{&quot;stretch_section&quot;:&quot;section-stretched&quot;}\">\n\t\t\t\t\t\t<div class=\"elementor-container elementor-column-gap-no\">\n\t\t\t\t\t<div class=\"elementor-column elementor-col-100 elementor-top-column elementor-element elementor-element-32ef0cff elementor-invisible\" data-id=\"32ef0cff\" data-element_type=\"column\" data-settings=\"{&quot;animation&quot;:&quot;fadeIn&quot;}\">\n\t\t\t<div class=\"elementor-widget-wrap\">\n\t\t\t\t\t\t\t<\/div>\n\t\t<\/div>\n\t\t\t\t\t<\/div>\n\t\t<\/section>\n\t\t\t\t<\/div>\n\t\t","protected":false},"excerpt":{"rendered":"<p>Contactos Marque una reuni\u00f3n y pida una propuesta para su casa. Contactos Espa\u00f1a: +34 600 63 59 39Lisboa: +351 935 899 213Albufeira: +351 935 899 182Vilamoura: +351 935 899 182(llamar a la red m\u00f3vil nacional) Email:propietario@hominggroup.com (Espa\u00f1a)al@hominggroup.com (Portugal) Tiendas Marbella Avenida Ram\u00f3n y Cajal 1 29601 Marbella LisboaRua Castilho 73 C1250-068 Lisboa AlbufeiraAv.dos DescobrimentosQuinta da [&hellip;]<\/p>\n","protected":false},"author":1,"featured_media":0,"parent":0,"menu_order":0,"comment_status":"closed","ping_status":"closed","template":"full-width.php","meta":{"footnotes":""},"class_list":["post-3259","page","type-page","status-publish","hentry"],"yoast_head":"<!-- This site is optimized with the Yoast SEO plugin v26.2 - https:\/\/yoast.com\/wordpress\/plugins\/seo\/ -->\n<title>Contactos - Lisboa, Algarve | Homing<\/title>\n<meta name=\"description\" content=\"No dude en ponerse en contacto con nosotros a trav\u00e9s de los medios aqu\u00ed presentados. Tambi\u00e9n estaremos disponibles para recibirte en nuestras tiendas.\" \/>\n<meta name=\"robots\" content=\"index, follow, max-snippet:-1, max-image-preview:large, max-video-preview:-1\" \/>\n<link rel=\"canonical\" href=\"https:\/\/www.al.homing.com.pt\/es\/contactos\/\" \/>\n<meta property=\"og:locale\" content=\"es_ES\" \/>\n<meta property=\"og:type\" content=\"article\" \/>\n<meta property=\"og:title\" content=\"Contactos - Lisboa, Algarve | Homing\" \/>\n<meta property=\"og:description\" content=\"No dude en ponerse en contacto con nosotros a trav\u00e9s de los medios aqu\u00ed presentados. Tambi\u00e9n estaremos disponibles para recibirte en nuestras tiendas.\" \/>\n<meta property=\"og:url\" content=\"https:\/\/www.al.homing.com.pt\/es\/contactos\/\" \/>\n<meta property=\"og:site_name\" content=\"Homing\" \/>\n<meta property=\"article:modified_time\" content=\"2025-10-30T14:29:21+00:00\" \/>\n<meta name=\"twitter:card\" content=\"summary_large_image\" \/>\n<meta name=\"twitter:label1\" content=\"Tiempo de lectura\" \/>\n\t<meta name=\"twitter:data1\" content=\"4 minutos\" \/>\n<script type=\"application\/ld+json\" class=\"yoast-schema-graph\">{\"@context\":\"https:\/\/schema.org\",\"@graph\":[{\"@type\":\"WebPage\",\"@id\":\"https:\/\/www.al.homing.com.pt\/es\/contactos\/\",\"url\":\"https:\/\/www.al.homing.com.pt\/es\/contactos\/\",\"name\":\"Contactos - Lisboa, Algarve | Homing\",\"isPartOf\":{\"@id\":\"https:\/\/www.al.homing.com.pt\/#website\"},\"datePublished\":\"2020-05-27T09:57:36+00:00\",\"dateModified\":\"2025-10-30T14:29:21+00:00\",\"description\":\"No dude en ponerse en contacto con nosotros a trav\u00e9s de los medios aqu\u00ed presentados. Tambi\u00e9n estaremos disponibles para recibirte en nuestras tiendas.\",\"breadcrumb\":{\"@id\":\"https:\/\/www.al.homing.com.pt\/es\/contactos\/#breadcrumb\"},\"inLanguage\":\"es\",\"potentialAction\":[{\"@type\":\"ReadAction\",\"target\":[\"https:\/\/www.al.homing.com.pt\/es\/contactos\/\"]}]},{\"@type\":\"BreadcrumbList\",\"@id\":\"https:\/\/www.al.homing.com.pt\/es\/contactos\/#breadcrumb\",\"itemListElement\":[{\"@type\":\"ListItem\",\"position\":1,\"name\":\"In\u00edcio\",\"item\":\"https:\/\/www.al.homing.com.pt\/es\/home-v2\/\"},{\"@type\":\"ListItem\",\"position\":2,\"name\":\"Contactos\"}]},{\"@type\":\"WebSite\",\"@id\":\"https:\/\/www.al.homing.com.pt\/#website\",\"url\":\"https:\/\/www.al.homing.com.pt\/\",\"name\":\"Homing\",\"description\":\"Gest&atilde;o de Alojamento Local\",\"potentialAction\":[{\"@type\":\"SearchAction\",\"target\":{\"@type\":\"EntryPoint\",\"urlTemplate\":\"https:\/\/www.al.homing.com.pt\/?s={search_term_string}\"},\"query-input\":{\"@type\":\"PropertyValueSpecification\",\"valueRequired\":true,\"valueName\":\"search_term_string\"}}],\"inLanguage\":\"es\"}]}<\/script>\n<!-- \/ Yoast SEO plugin. -->","yoast_head_json":{"title":"Contactos - Lisboa, Algarve | Homing","description":"No dude en ponerse en contacto con nosotros a trav\u00e9s de los medios aqu\u00ed presentados. Tambi\u00e9n estaremos disponibles para recibirte en nuestras tiendas.","robots":{"index":"index","follow":"follow","max-snippet":"max-snippet:-1","max-image-preview":"max-image-preview:large","max-video-preview":"max-video-preview:-1"},"canonical":"https:\/\/www.al.homing.com.pt\/es\/contactos\/","og_locale":"es_ES","og_type":"article","og_title":"Contactos - Lisboa, Algarve | Homing","og_description":"No dude en ponerse en contacto con nosotros a trav\u00e9s de los medios aqu\u00ed presentados. Tambi\u00e9n estaremos disponibles para recibirte en nuestras tiendas.","og_url":"https:\/\/www.al.homing.com.pt\/es\/contactos\/","og_site_name":"Homing","article_modified_time":"2025-10-30T14:29:21+00:00","twitter_card":"summary_large_image","twitter_misc":{"Tiempo de lectura":"4 minutos"},"schema":{"@context":"https:\/\/schema.org","@graph":[{"@type":"WebPage","@id":"https:\/\/www.al.homing.com.pt\/es\/contactos\/","url":"https:\/\/www.al.homing.com.pt\/es\/contactos\/","name":"Contactos - Lisboa, Algarve | Homing","isPartOf":{"@id":"https:\/\/www.al.homing.com.pt\/#website"},"datePublished":"2020-05-27T09:57:36+00:00","dateModified":"2025-10-30T14:29:21+00:00","description":"No dude en ponerse en contacto con nosotros a trav\u00e9s de los medios aqu\u00ed presentados. Tambi\u00e9n estaremos disponibles para recibirte en nuestras tiendas.","breadcrumb":{"@id":"https:\/\/www.al.homing.com.pt\/es\/contactos\/#breadcrumb"},"inLanguage":"es","potentialAction":[{"@type":"ReadAction","target":["https:\/\/www.al.homing.com.pt\/es\/contactos\/"]}]},{"@type":"BreadcrumbList","@id":"https:\/\/www.al.homing.com.pt\/es\/contactos\/#breadcrumb","itemListElement":[{"@type":"ListItem","position":1,"name":"In\u00edcio","item":"https:\/\/www.al.homing.com.pt\/es\/home-v2\/"},{"@type":"ListItem","position":2,"name":"Contactos"}]},{"@type":"WebSite","@id":"https:\/\/www.al.homing.com.pt\/#website","url":"https:\/\/www.al.homing.com.pt\/","name":"Homing","description":"Gest&atilde;o de Alojamento Local","potentialAction":[{"@type":"SearchAction","target":{"@type":"EntryPoint","urlTemplate":"https:\/\/www.al.homing.com.pt\/?s={search_term_string}"},"query-input":{"@type":"PropertyValueSpecification","valueRequired":true,"valueName":"search_term_string"}}],"inLanguage":"es"}]}},"_links":{"self":[{"href":"https:\/\/www.al.homing.com.pt\/es\/wp-json\/wp\/v2\/pages\/3259","targetHints":{"allow":["GET"]}}],"collection":[{"href":"https:\/\/www.al.homing.com.pt\/es\/wp-json\/wp\/v2\/pages"}],"about":[{"href":"https:\/\/www.al.homing.com.pt\/es\/wp-json\/wp\/v2\/types\/page"}],"author":[{"embeddable":true,"href":"https:\/\/www.al.homing.com.pt\/es\/wp-json\/wp\/v2\/users\/1"}],"replies":[{"embeddable":true,"href":"https:\/\/www.al.homing.com.pt\/es\/wp-json\/wp\/v2\/comments?post=3259"}],"version-history":[{"count":54,"href":"https:\/\/www.al.homing.com.pt\/es\/wp-json\/wp\/v2\/pages\/3259\/revisions"}],"predecessor-version":[{"id":3919,"href":"https:\/\/www.al.homing.com.pt\/es\/wp-json\/wp\/v2\/pages\/3259\/revisions\/3919"}],"wp:attachment":[{"href":"https:\/\/www.al.homing.com.pt\/es\/wp-json\/wp\/v2\/media?parent=3259"}],"curies":[{"name":"wp","href":"https:\/\/api.w.org\/{rel}","templated":true}]}}